{"id":34,"date":"2022-02-19T11:54:56","date_gmt":"2022-02-19T11:54:56","guid":{"rendered":"http:\/\/movca.org\/?page_id=34"},"modified":"2024-11-25T11:58:14","modified_gmt":"2024-11-25T08:58:14","slug":"newsroom-2","status":"publish","type":"page","link":"https:\/\/movca.creativsoft.md\/en\/newsroom-2\/","title":{"rendered":"News"},"content":{"rendered":"<div data-elementor-type=\"wp-page\" data-elementor-id=\"34\" class=\"elementor elementor-34\">\n\t\t\t\t\t\t\t\t\t<section class=\"elementor-section elementor-top-section elementor-element elementor-element-c213908 elementor-section-boxed elementor-section-height-default elementor-section-height-default\" data-id=\"c213908\" data-element_type=\"section\" july=\"\">\n\t\t\t\t\t\t<div class=\"elementor-container elementor-column-gap-default\">\n\t\t\t\t\t<div class=\"elementor-column elementor-col-100 elementor-top-column elementor-element elementor-element-acdce24\" data-id=\"acdce24\" data-element_type=\"column\">\n\t\t\t<div class=\"elementor-widget-wrap elementor-element-populated\">\n\t\t\t\t\t\t\t\t<div class=\"elementor-element elementor-element-83ef5f8 elementor-widget elementor-widget-heading\" data-id=\"83ef5f8\" data-element_type=\"widget\" data-widget_type=\"heading.default\">\n\t\t\t\t<div class=\"elementor-widget-container\">\n\t\t\t<style>\/*! elementor - v3.6.6 - 08-06-2022 *\/\n.elementor-heading-title{padding:0;margin:0;line-height:1}.elementor-widget-heading .elementor-heading-title[class*=elementor-size-]>a{color:inherit;font-size:inherit;line-height:inherit}.elementor-widget-heading .elementor-heading-title.elementor-size-small{font-size:15px}.elementor-widget-heading .elementor-heading-title.elementor-size-medium{font-size:19px}.elementor-widget-heading .elementor-heading-title.elementor-size-large{font-size:29px}.elementor-widget-heading .elementor-heading-title.elementor-size-xl{font-size:39px}.elementor-widget-heading .elementor-heading-title.elementor-size-xxl{font-size:59px}<\/style><h2 class=\"elementor-heading-title elementor-size-default\">Our Latest News<\/h2>\t\t<\/div>\n\t\t\t\t<\/div>\n\t\t\t\t<div class=\"elementor-element elementor-element-846569d elementor-grid-3 elementor-grid-tablet-2 elementor-grid-mobile-1 elementor-posts--thumbnail-top elementor-card-shadow-yes elementor-posts__hover-gradient elementor-widget elementor-widget-posts\" data-id=\"846569d\" data-element_type=\"widget\" data-settings=\"{&quot;pagination_type&quot;:&quot;load_more_infinite_scroll&quot;,&quot;cards_columns&quot;:&quot;3&quot;,&quot;cards_columns_tablet&quot;:&quot;2&quot;,&quot;cards_columns_mobile&quot;:&quot;1&quot;,&quot;cards_row_gap&quot;:{&quot;unit&quot;:&quot;px&quot;,&quot;size&quot;:35,&quot;sizes&quot;:[]},&quot;cards_row_gap_tablet&quot;:{&quot;unit&quot;:&quot;px&quot;,&quot;size&quot;:&quot;&quot;,&quot;sizes&quot;:[]},&quot;cards_row_gap_mobile&quot;:{&quot;unit&quot;:&quot;px&quot;,&quot;size&quot;:&quot;&quot;,&quot;sizes&quot;:[]},&quot;load_more_spinner&quot;:{&quot;value&quot;:&quot;fas fa-spinner&quot;,&quot;library&quot;:&quot;fa-solid&quot;}}\" data-widget_type=\"posts.cards\">\n\t\t\t\t<div class=\"elementor-widget-container\">\n\t\t\t<link rel=\"stylesheet\" href=\"https:\/\/movca.creativsoft.md\/wp-content\/plugins\/elementor-pro\/assets\/css\/widget-posts.min.css\">\t\t<div class=\"elementor-posts-container elementor-posts elementor-posts--skin-cards elementor-grid\">\n\t\t\t\t<article class=\"elementor-post elementor-grid-item post-7426 post type-post status-publish format-standard hentry category-uncategorized\">\n\t\t\t<div class=\"elementor-post__card\">\n\t\t\t\t<div class=\"elementor-post__text\">\n\t\t\t\t<h3 class=\"elementor-post__title\">\n\t\t\t<a href=\"https:\/\/movca.creativsoft.md\/en\/beneficiile-uleiurilor-presate-la-rece\/\" >\n\t\t\t\tBeneficiile uleiurilor presate la rece\t\t\t<\/a>\n\t\t<\/h3>\n\t\t\t\t<div class=\"elementor-post__excerpt\">\n\t\t\t<p>Asocia\u0163ia MOVCA a organizat miercuri, 19 ianuarie, un webinar privind beneficiile uleiurilor presate la rece. Potrivit medicului-nutri\u021bionist Maria-Victoria Racu, de Articolul Beneficiile uleiurilor presate la<\/p>\n\t\t<\/div>\n\t\t\t\t\t<a class=\"elementor-post__read-more\" href=\"https:\/\/movca.creativsoft.md\/en\/beneficiile-uleiurilor-presate-la-rece\/\" >\n\t\t\t\tRead more\t\t\t<\/a>\n\t\t\t\t<\/div>\n\t\t\t\t<div class=\"elementor-post__meta-data\">\n\t\t\t\t\t<span class=\"elementor-post-author\">\n\t\t\tMOVCA\t\t<\/span>\n\t\t\t\t<span class=\"elementor-post-date\">\n\t\t\tNovember 22, 2024\t\t<\/span>\n\t\t\t\t<\/div>\n\t\t\t\t\t<\/div>\n\t\t<\/article>\n\t\t\t\t<article class=\"elementor-post elementor-grid-item post-7425 post type-post status-publish format-standard hentry category-uncategorized\">\n\t\t\t<div class=\"elementor-post__card\">\n\t\t\t\t<div class=\"elementor-post__text\">\n\t\t\t\t<h3 class=\"elementor-post__title\">\n\t\t\t<a href=\"https:\/\/movca.creativsoft.md\/en\/webinar-beneficiile-uleiurilor-presate-la-rece\/\" >\n\t\t\t\tWebinar \u2013 Beneficiile uleiurilor presate la rece\t\t\t<\/a>\n\t\t<\/h3>\n\t\t\t\t<div class=\"elementor-post__excerpt\">\n\t\t\t<p>Va invit\u0103m la un eveniment online \u00een care s-a vorbit despre beneficiile uleiurilor presate la rece. \u00cen cadrul evenimentului, medicul-nutri\u021bionist Articolul Webinar \u2013 Beneficiile uleiurilor<\/p>\n\t\t<\/div>\n\t\t\t\t\t<a class=\"elementor-post__read-more\" href=\"https:\/\/movca.creativsoft.md\/en\/webinar-beneficiile-uleiurilor-presate-la-rece\/\" >\n\t\t\t\tRead more\t\t\t<\/a>\n\t\t\t\t<\/div>\n\t\t\t\t<div class=\"elementor-post__meta-data\">\n\t\t\t\t\t<span class=\"elementor-post-author\">\n\t\t\tMOVCA\t\t<\/span>\n\t\t\t\t<span class=\"elementor-post-date\">\n\t\t\tNovember 22, 2024\t\t<\/span>\n\t\t\t\t<\/div>\n\t\t\t\t\t<\/div>\n\t\t<\/article>\n\t\t\t\t<article class=\"elementor-post elementor-grid-item post-7424 post type-post status-publish format-standard hentry category-uncategorized\">\n\t\t\t<div class=\"elementor-post__card\">\n\t\t\t\t<div class=\"elementor-post__text\">\n\t\t\t\t<h3 class=\"elementor-post__title\">\n\t\t\t<a href=\"https:\/\/movca.creativsoft.md\/en\/mancare-sanatoasa-pentru-mine-pentru-altii-si-pentru-planeta\/\" >\n\t\t\t\tM\u00e2ncare s\u0103n\u0103toas\u0103: pentru mine, pentru al\u021bii \u0219i pentru planet\u0103\t\t\t<\/a>\n\t\t<\/h3>\n\t\t\t\t<div class=\"elementor-post__excerpt\">\n\t\t\t<p>O alimenta\u0163ie s\u0103n\u0103toas\u0103 \u00eenseamn\u0103 s\u0103 consum\u0103m produse care \u015ftim cum au fost ob\u0163inute \u015fi s\u0103 le evit\u0103m pe cele ce Articolul M\u00e2ncare s\u0103n\u0103toas\u0103: pentru mine,<\/p>\n\t\t<\/div>\n\t\t\t\t\t<a class=\"elementor-post__read-more\" href=\"https:\/\/movca.creativsoft.md\/en\/mancare-sanatoasa-pentru-mine-pentru-altii-si-pentru-planeta\/\" >\n\t\t\t\tRead more\t\t\t<\/a>\n\t\t\t\t<\/div>\n\t\t\t\t<div class=\"elementor-post__meta-data\">\n\t\t\t\t\t<span class=\"elementor-post-author\">\n\t\t\tMOVCA\t\t<\/span>\n\t\t\t\t<span class=\"elementor-post-date\">\n\t\t\tNovember 22, 2024\t\t<\/span>\n\t\t\t\t<\/div>\n\t\t\t\t\t<\/div>\n\t\t<\/article>\n\t\t\t\t<article class=\"elementor-post elementor-grid-item post-7296 post type-post status-publish format-standard has-post-thumbnail hentry category-noutati\">\n\t\t\t<div class=\"elementor-post__card\">\n\t\t\t\t<a class=\"elementor-post__thumbnail__link\" href=\"https:\/\/movca.creativsoft.md\/en\/conversia-in-horticultura-ecologica-un-sprijin-solid-din-partea-statului\/\" ><div class=\"elementor-post__thumbnail\"><img loading=\"lazy\" decoding=\"async\" width=\"300\" height=\"200\" src=\"https:\/\/movca.creativsoft.md\/wp-content\/uploads\/2024\/10\/fructe-si-legume-toamna-990x660-1-300x200.jpg\" class=\"attachment-medium size-medium\" alt=\"\" srcset=\"https:\/\/movca.creativsoft.md\/wp-content\/uploads\/2024\/10\/fructe-si-legume-toamna-990x660-1-300x200.jpg 300w, https:\/\/movca.creativsoft.md\/wp-content\/uploads\/2024\/10\/fructe-si-legume-toamna-990x660-1-768x512.jpg 768w, https:\/\/movca.creativsoft.md\/wp-content\/uploads\/2024\/10\/fructe-si-legume-toamna-990x660-1-18x12.jpg 18w, https:\/\/movca.creativsoft.md\/wp-content\/uploads\/2024\/10\/fructe-si-legume-toamna-990x660-1.jpg 990w\" sizes=\"auto, (max-width: 300px) 100vw, 300px\" \/><\/div><\/a>\n\t\t\t\t<div class=\"elementor-post__badge\">News<\/div>\n\t\t\t\t<div class=\"elementor-post__text\">\n\t\t\t\t<h3 class=\"elementor-post__title\">\n\t\t\t<a href=\"https:\/\/movca.creativsoft.md\/en\/conversia-in-horticultura-ecologica-un-sprijin-solid-din-partea-statului\/\" >\n\t\t\t\tConversia \u00een horticultura ecologic\u0103: un sprijin solid din partea statului\t\t\t<\/a>\n\t\t<\/h3>\n\t\t\t\t<div class=\"elementor-post__excerpt\">\n\t\t\t<p>\u00cen raportul The World of Organic Agriculture pentru anul 2023 se vorbe\u0219te despre faptul c\u0103 cererea pentru produsele ecologice este \u00eentr-o continu\u0103 cre\u0219tere. Valoarea pie\u021bei<\/p>\n\t\t<\/div>\n\t\t\t\t\t<a class=\"elementor-post__read-more\" href=\"https:\/\/movca.creativsoft.md\/en\/conversia-in-horticultura-ecologica-un-sprijin-solid-din-partea-statului\/\" >\n\t\t\t\tRead more\t\t\t<\/a>\n\t\t\t\t<\/div>\n\t\t\t\t<div class=\"elementor-post__meta-data\">\n\t\t\t\t\t<span class=\"elementor-post-author\">\n\t\t\tMOVCA\t\t<\/span>\n\t\t\t\t<span class=\"elementor-post-date\">\n\t\t\tOctober 8, 2024\t\t<\/span>\n\t\t\t\t<\/div>\n\t\t\t\t\t<\/div>\n\t\t<\/article>\n\t\t\t\t<article class=\"elementor-post elementor-grid-item post-7289 post type-post status-publish format-standard has-post-thumbnail hentry category-istorii-de-succes category-noutati\">\n\t\t\t<div class=\"elementor-post__card\">\n\t\t\t\t<a class=\"elementor-post__thumbnail__link\" href=\"https:\/\/movca.creativsoft.md\/en\/de-la-conversie-la-procesare-evolutia-agriculturii-ecologice-cerealiere-in-moldova\/\" ><div class=\"elementor-post__thumbnail\"><img loading=\"lazy\" decoding=\"async\" width=\"300\" height=\"200\" src=\"https:\/\/movca.creativsoft.md\/wp-content\/uploads\/2024\/08\/champ-de-ble--300x200.jpg\" class=\"attachment-medium size-medium\" alt=\"\" srcset=\"https:\/\/movca.creativsoft.md\/wp-content\/uploads\/2024\/08\/champ-de-ble--300x200.jpg 300w, https:\/\/movca.creativsoft.md\/wp-content\/uploads\/2024\/08\/champ-de-ble--1024x682.jpg 1024w, https:\/\/movca.creativsoft.md\/wp-content\/uploads\/2024\/08\/champ-de-ble--768x512.jpg 768w, https:\/\/movca.creativsoft.md\/wp-content\/uploads\/2024\/08\/champ-de-ble--1536x1023.jpg 1536w, https:\/\/movca.creativsoft.md\/wp-content\/uploads\/2024\/08\/champ-de-ble--18x12.jpg 18w, https:\/\/movca.creativsoft.md\/wp-content\/uploads\/2024\/08\/champ-de-ble-.jpg 1920w\" sizes=\"auto, (max-width: 300px) 100vw, 300px\" \/><\/div><\/a>\n\t\t\t\t<div class=\"elementor-post__badge\">Istorii de succes<\/div>\n\t\t\t\t<div class=\"elementor-post__text\">\n\t\t\t\t<h3 class=\"elementor-post__title\">\n\t\t\t<a href=\"https:\/\/movca.creativsoft.md\/en\/de-la-conversie-la-procesare-evolutia-agriculturii-ecologice-cerealiere-in-moldova\/\" >\n\t\t\t\tDe la conversie la procesare: evolu\u021bia agriculturii ecologice cerealiere \u00een Moldova\t\t\t<\/a>\n\t\t<\/h3>\n\t\t\t\t<div class=\"elementor-post__excerpt\">\n\t\t\t<p>Sectorul agriculturii ecologice din Republica Moldova a cunoscut o dezvoltare semnificativ\u0103 \u00een ultimii ani, pe m\u0103sur\u0103 ce fermierii \u0219i-au diversificat culturile \u0219i au adoptat practici<\/p>\n\t\t<\/div>\n\t\t\t\t\t<a class=\"elementor-post__read-more\" href=\"https:\/\/movca.creativsoft.md\/en\/de-la-conversie-la-procesare-evolutia-agriculturii-ecologice-cerealiere-in-moldova\/\" >\n\t\t\t\tRead more\t\t\t<\/a>\n\t\t\t\t<\/div>\n\t\t\t\t<div class=\"elementor-post__meta-data\">\n\t\t\t\t\t<span class=\"elementor-post-author\">\n\t\t\tMOVCA\t\t<\/span>\n\t\t\t\t<span class=\"elementor-post-date\">\n\t\t\tAugust 26, 2024\t\t<\/span>\n\t\t\t\t<\/div>\n\t\t\t\t\t<\/div>\n\t\t<\/article>\n\t\t\t\t<article class=\"elementor-post elementor-grid-item post-7283 post type-post status-publish format-standard has-post-thumbnail hentry category-uncategorized\">\n\t\t\t<div class=\"elementor-post__card\">\n\t\t\t\t<a class=\"elementor-post__thumbnail__link\" href=\"https:\/\/movca.creativsoft.md\/en\/asociatia-movca-in-parteneriat-cu-maia-si-proiectul-competitivitate-si-rezilienta-rurala-in-moldova-va-organiza-o-serie-de-ateliere-de-lucru-destinate-cadrului-legislativ-si-suportului-statului-pent-2\/\" ><div class=\"elementor-post__thumbnail\"><img loading=\"lazy\" decoding=\"async\" width=\"300\" height=\"200\" src=\"https:\/\/movca.creativsoft.md\/wp-content\/uploads\/2024\/07\/Captura-de-ecran-2024-07-24-142314-1-300x200.png\" class=\"attachment-medium size-medium\" alt=\"\" srcset=\"https:\/\/movca.creativsoft.md\/wp-content\/uploads\/2024\/07\/Captura-de-ecran-2024-07-24-142314-1-300x200.png 300w, https:\/\/movca.creativsoft.md\/wp-content\/uploads\/2024\/07\/Captura-de-ecran-2024-07-24-142314-1-1024x682.png 1024w, https:\/\/movca.creativsoft.md\/wp-content\/uploads\/2024\/07\/Captura-de-ecran-2024-07-24-142314-1-768x512.png 768w, https:\/\/movca.creativsoft.md\/wp-content\/uploads\/2024\/07\/Captura-de-ecran-2024-07-24-142314-1-18x12.png 18w, https:\/\/movca.creativsoft.md\/wp-content\/uploads\/2024\/07\/Captura-de-ecran-2024-07-24-142314-1.png 1187w\" sizes=\"auto, (max-width: 300px) 100vw, 300px\" \/><\/div><\/a>\n\t\t\t\t<div class=\"elementor-post__badge\">Uncategorized<\/div>\n\t\t\t\t<div class=\"elementor-post__text\">\n\t\t\t\t<h3 class=\"elementor-post__title\">\n\t\t\t<a href=\"https:\/\/movca.creativsoft.md\/en\/asociatia-movca-in-parteneriat-cu-maia-si-proiectul-competitivitate-si-rezilienta-rurala-in-moldova-va-organiza-o-serie-de-ateliere-de-lucru-destinate-cadrului-legislativ-si-suportului-statului-pent-2\/\" >\n\t\t\t\tAsocia\u021bia MOVCA \u00een parteneriat cu MAIA \u0219i Proiectul Competitivitate \u0219i Rezilien\u021b\u0103 Rural\u0103 \u00een Moldova va organiza o serie de ateliere de lucru destinate cadrului legislativ \u0219i suportului statului pentru dezvoltarea agriculturii ecologice\t\t\t<\/a>\n\t\t<\/h3>\n\t\t\t\t<div class=\"elementor-post__excerpt\">\n\t\t\t<p>Asocia\u021bia MOVCA \u00een parteneriat cu MAIA \u0219i Proiectul Competitivitate \u0219i Rezilien\u021b\u0103 Rural\u0103 \u00een Moldova va organiza o serie de ateliere de lucru destinate cadrului legislativ<\/p>\n\t\t<\/div>\n\t\t\t\t\t<a class=\"elementor-post__read-more\" href=\"https:\/\/movca.creativsoft.md\/en\/asociatia-movca-in-parteneriat-cu-maia-si-proiectul-competitivitate-si-rezilienta-rurala-in-moldova-va-organiza-o-serie-de-ateliere-de-lucru-destinate-cadrului-legislativ-si-suportului-statului-pent-2\/\" >\n\t\t\t\tRead more\t\t\t<\/a>\n\t\t\t\t<\/div>\n\t\t\t\t<div class=\"elementor-post__meta-data\">\n\t\t\t\t\t<span class=\"elementor-post-author\">\n\t\t\tMOVCA\t\t<\/span>\n\t\t\t\t<span class=\"elementor-post-date\">\n\t\t\tJuly 31, 2024\t\t<\/span>\n\t\t\t\t<\/div>\n\t\t\t\t\t<\/div>\n\t\t<\/article>\n\t\t\t\t<\/div>\n\n\n\t\t\t\t\t<span class=\"e-load-more-spinner\">\n\t\t\t\t<i aria-hidden=\"true\" class=\"fas fa-spinner\"><\/i>\t\t\t<\/span>\n\t\t\n\t\t\t\t<div class=\"e-load-more-anchor\" data-page=\"1\" data-max-page=\"49\" data-next-page=\"https:\/\/movca.creativsoft.md\/en\/wp-json\/wp\/v2\/pages\/34\/page\/2\/\"><\/div>\n\t\t\t\t<div class=\"e-load-more-message\">No more posts to show<\/div>\n\t\t\t\t<\/div>\n\t\t\t\t<\/div>\n\t\t\t\t\t<\/div>\n\t\t<\/div>\n\t\t\t\t\t\t\t<\/div>\n\t\t<\/section>\n\t\t\t\t\t\t\t<\/div>","protected":false},"excerpt":{"rendered":"<p>Our Latest News<\/p>","protected":false},"author":1,"featured_media":0,"parent":0,"menu_order":0,"comment_status":"closed","ping_status":"closed","template":"","meta":{"inline_featured_image":false,"footnotes":""},"class_list":["post-34","page","type-page","status-publish","hentry"],"_links":{"self":[{"href":"https:\/\/movca.creativsoft.md\/en\/wp-json\/wp\/v2\/pages\/34","targetHints":{"allow":["GET"]}}],"collection":[{"href":"https:\/\/movca.creativsoft.md\/en\/wp-json\/wp\/v2\/pages"}],"about":[{"href":"https:\/\/movca.creativsoft.md\/en\/wp-json\/wp\/v2\/types\/page"}],"author":[{"embeddable":true,"href":"https:\/\/movca.creativsoft.md\/en\/wp-json\/wp\/v2\/users\/1"}],"replies":[{"embeddable":true,"href":"https:\/\/movca.creativsoft.md\/en\/wp-json\/wp\/v2\/comments?post=34"}],"version-history":[{"count":30,"href":"https:\/\/movca.creativsoft.md\/en\/wp-json\/wp\/v2\/pages\/34\/revisions"}],"predecessor-version":[{"id":7515,"href":"https:\/\/movca.creativsoft.md\/en\/wp-json\/wp\/v2\/pages\/34\/revisions\/7515"}],"wp:attachment":[{"href":"https:\/\/movca.creativsoft.md\/en\/wp-json\/wp\/v2\/media?parent=34"}],"curies":[{"name":"wp","href":"https:\/\/api.w.org\/{rel}","templated":true}]}}